{"id":4101,"date":"2015-02-09T10:11:37","date_gmt":"2015-02-09T10:11:37","guid":{"rendered":"http:\/\/cabinet-lantz.fr\/index.php\/about-lawyer\/"},"modified":"2018-05-21T11:06:17","modified_gmt":"2018-05-21T11:06:17","slug":"about-lawyer","status":"publish","type":"page","link":"https:\/\/cabinet-lantz.fr\/index.php\/about-lawyer\/","title":{"rendered":"About Lawyer"},"content":{"rendered":" [vc_row][vc_column]<div class=\"sc_content main\" style=\"margin-top:95px !important;margin-bottom:25px !important;\"><h1 class=\"sc_title sc_title_regular\" style=\"text-align:center;\">About Lawyer<\/h1><div class=\"sc_section sc_aligncenter\" style=\"margin-bottom:2.1em !important;font-weight:300;font-size:18px;line-height:30px;color: #818175;\">[vc_column_text] We will help you build strong online business by creating a professional website which best suits your needs<br \/>\nand the needs of your target audience. [\/vc_column_text]<\/div><div class=\"columnsWrap sc_columns sc_columns_count_3\"><div class=\"columns1_3 sc_column_item sc_column_item_1 odd first\"><div class=\"sc_team\" style=\"margin-right:23px;\"><div class=\"sc_columns columnsWrap\"><div class=\"columns1_1\"><div class=\"sc_team_item sc_team_item_1 odd first\"><div class=\"sc_team_item_avatar\"><img loading=\"lazy\" decoding=\"async\" class=\"wp-post-image\" width=\"370\" height=\"370\" alt=\"lawyer-team-8.jpg\" src=\"http:\/\/cabinet-lantz.fr\/wp-content\/uploads\/2015\/01\/lawyer-team-8-370x370.jpg\"><div class=\"sc_team_item_description\">Mauris cursus lectus id odio scelerisque cursus. Nunc at sapien ligula nullaporta velit eu condimentum&#8230;<\/div><\/div><div class=\"sc_team_item_info\"><h3 class=\"sc_team_item_title\">Serenity Edwards<\/h3><div class=\"sc_team_item_position theme_accent2\">partner \/ Family Lawyer<\/div><ul class=\"sc_team_item_socials\"><li><a href=\"#\" class=\"social_icons icon-twitter\" target=\"_blank\"><\/a><\/li><li><a href=\"#\" class=\"social_icons icon-facebook\" target=\"_blank\"><\/a><\/li><li><a href=\"#\" class=\"social_icons icon-gplus\" target=\"_blank\"><\/a><\/li><\/ul><\/div><\/div><\/div><\/div><\/div><\/div><div class=\"columns1_3 sc_column_item sc_column_item_2 even\"><div class=\"sc_skills sc_skills_bar sc_skills_horizontal\" data-type=\"bar\" data-subtitle=\"Skills\" data-dir=\"horizontal\"><div class=\"sc_skills_info\">Family law<\/div><div class=\"sc_skills_item sc_skills_style_1 odd first\"><div class=\"sc_skills_count\"><div class=\"sc_skills_total\" data-start=\"0\" data-stop=\"98\" data-step=\"1\" data-max=\"100\" data-speed=\"15\" data-duration=\"1470\" data-ed=\"%\">0%<\/div><\/div><\/div><div class=\"sc_skills_info\">Property Law<\/div><div class=\"sc_skills_item sc_skills_style_1 even\"><div class=\"sc_skills_count\"><div class=\"sc_skills_total\" data-start=\"0\" data-stop=\"66\" data-step=\"1\" data-max=\"100\" data-speed=\"11\" data-duration=\"726\" data-ed=\"%\">0%<\/div><\/div><\/div><div class=\"sc_skills_info\">Civil Law<\/div><div class=\"sc_skills_item sc_skills_style_1 odd\"><div class=\"sc_skills_count\"><div class=\"sc_skills_total\" data-start=\"0\" data-stop=\"87\" data-step=\"1\" data-max=\"100\" data-speed=\"31\" data-duration=\"2697\" data-ed=\"%\">0%<\/div><\/div><\/div><div class=\"sc_skills_info\">Intellectual Law<\/div><div class=\"sc_skills_item sc_skills_style_1 even\"><div class=\"sc_skills_count\"><div class=\"sc_skills_total\" data-start=\"0\" data-stop=\"82\" data-step=\"1\" data-max=\"100\" data-speed=\"24\" data-duration=\"1968\" data-ed=\"%\">0%<\/div><\/div><\/div><div class=\"sc_skills_info\">Others<\/div><div class=\"sc_skills_item sc_skills_style_1 odd\"><div class=\"sc_skills_count\"><div class=\"sc_skills_total\" data-start=\"0\" data-stop=\"76\" data-step=\"1\" data-max=\"100\" data-speed=\"28\" data-duration=\"2128\" data-ed=\"%\">0%<\/div><\/div><\/div><\/div><\/div><div class=\"columns1_3 sc_column_item sc_column_item_3 odd\"><div class=\"sc_accordion sc_accordion_style_1\" data-active=\"0\"><div class=\"sc_accordion_item odd first\"><h4 class=\"sc_accordion_title\">Lorem ipsum dolor sit amet<\/h4><div class=\"sc_accordion_content\"> Lorem ipsum dolor sit amet, consectetur adipisicing elit, sed do eiusmod tempor incididunt ut labore et dolore magna aliqua. Ut enim ad minim veniam, quis nostrud exercitation ullamco laboris nisi ut aliquip ex ea commodo consequat. Duis aute irure dolor in reprehenderit in voluptate velit esse cillum. <\/div><\/div><div class=\"sc_accordion_item even\"><h4 class=\"sc_accordion_title\">Consectetur adipisicing elit<\/h4><div class=\"sc_accordion_content\"> Lorem ipsum dolor sit amet, consectetur adipisicing elit, sed do eiusmod tempor incididunt ut labore et dolore magna aliqua. Ut enim ad minim veniam, quis nostrud exercitation ullamco laboris nisi ut aliquip ex ea commodo consequat. Duis aute irure dolor in reprehenderit in voluptate velit esse cillum. <\/div><\/div><div class=\"sc_accordion_item odd\"><h4 class=\"sc_accordion_title\">Sed do eiusmod tempor<\/h4><div class=\"sc_accordion_content\"> Lorem ipsum dolor sit amet, consectetur adipisicing elit, sed do eiusmod tempor incididunt ut labore et dolore magna aliqua. Ut enim ad minim veniam, quis nostrud exercitation ullamco laboris nisi ut aliquip ex ea commodo consequat. Duis aute irure dolor in reprehenderit in voluptate velit esse cillum. <\/div><\/div><\/div><\/div><\/div><\/div><div class=\"sc_line sc_line_style_solid\" style=\"border-top-width:1px;border-top-style:solid;border-top-color:#dddddd;\"><\/div>[\/vc_column][\/vc_row][vc_row][vc_column]<div class=\"sc_content main\" style=\"margin-top:95px !important;\"><h1 class=\"sc_title sc_title_regular\" style=\"text-align:center;\">Professional certification<\/h1><div class=\"sc_section sc_aligncenter\" style=\"margin-bottom:2.1em !important;font-weight:300;font-size:18px;line-height:30px;color: #818175;\">[vc_column_text]Lorem ipsum dolor sit amet, consectetur adipisicing elit, sed do eiusmod tempor incididunt ut labore et dolore magna<br \/>\naliqua. Ut enim ad minim veniam, quis nostrud exercitation ullamco laboris nisi.[\/vc_column_text]<\/div><\/div><div class=\"sc_content main\" style=\"margin-bottom:105px !important;\"><div id=\"sc_blogger_253953146\" class=\"sc_blogger sc_blogger_horizontal style_portfolio3 portfolioWrap\"><section class=\"portfolio isotopeNOanim folio3col\" data-columns=\"3\">\n\t<article class=\"isotopeElement post_format_standard hover_Dir odd\">\n\n\t\t\n\t\t\t<div class=\"hover hoverDirShow\">\n\t\t\t\t\t\t\t\t\t<div class=\"thumb\"><img loading=\"lazy\" decoding=\"async\" class=\"wp-post-image\" width=\"383\" height=\"245\" alt=\"Thermographie\" src=\"https:\/\/cabinet-lantz.fr\/wp-content\/uploads\/2020\/05\/ALUK8656-383x245.jpeg\"><\/div>\n\t\t\t\t\t\t\t\t<div class=\"folioShowBlock\">\n\t\t\t\t\t<div class=\"folioContentAfter\">\n\t\t\t\t\t\t<h4><a href=\"https:\/\/cabinet-lantz.fr\/index.php\/2019\/09\/01\/fusce-faucibus-pharetra-purus\/\">Thermographie<\/a><\/h4>\t\t\t\t\t\t<p>\n\t\t\t\t\t\tThermographie infrarouge La thermographie signifie \u00ab&nbsp;\u00e9crire avec la...\t\t\t\t\t\t<\/p>\n\t\t\t\t\t\t\t\t\t\t\t<\/div>\n\t\t\t\t<\/div>\n\t\t\t<\/div>\n\n\t\t\t<\/article>\n\n\t<article class=\"isotopeElement post_format_standard hover_Dir even\">\n\n\t\t\n\t\t\t<div class=\"hover hoverDirShow\">\n\t\t\t\t\t\t\t\t\t<div class=\"thumb\"><img loading=\"lazy\" decoding=\"async\" class=\"wp-post-image\" width=\"383\" height=\"245\" alt=\"Immobilier 2019\" src=\"https:\/\/cabinet-lantz.fr\/wp-content\/uploads\/2020\/03\/Immobilier-2019-383x245.jpeg\"><\/div>\n\t\t\t\t\t\t\t\t<div class=\"folioShowBlock\">\n\t\t\t\t\t<div class=\"folioContentAfter\">\n\t\t\t\t\t\t<h4><a href=\"https:\/\/cabinet-lantz.fr\/index.php\/2019\/03\/07\/donec-posuere-felis-ac-orci-elementum\/\">Immobilier 2019<\/a><\/h4>\t\t\t\t\t\t<p>\n\t\t\t\t\t\tImmobilier 2019 Le march\u00e9 Azur\u00e9en de l\u2019immobilier C\u2019est \u00e9crit, les chiffres de...\t\t\t\t\t\t<\/p>\n\t\t\t\t\t\t\t\t\t\t\t<\/div>\n\t\t\t\t<\/div>\n\t\t\t<\/div>\n\n\t\t\t<\/article>\n\n\t<article class=\"isotopeElement post_format_standard hover_Dir odd\">\n\n\t\t\n\t\t\t<div class=\"hover hoverDirShow\">\n\t\t\t\t\t\t\t\t\t<div class=\"thumb\"><img loading=\"lazy\" decoding=\"async\" class=\"wp-post-image\" width=\"383\" height=\"245\" alt=\"Nice M\u00e9ridia\" src=\"https:\/\/cabinet-lantz.fr\/wp-content\/uploads\/2020\/03\/Idex-Territoires-g\u00e9othermie-383x245.png\"><\/div>\n\t\t\t\t\t\t\t\t<div class=\"folioShowBlock\">\n\t\t\t\t\t<div class=\"folioContentAfter\">\n\t\t\t\t\t\t<h4><a href=\"https:\/\/cabinet-lantz.fr\/index.php\/2019\/03\/05\/vestibulum-iaculis-nisi-est\/\">Nice M\u00e9ridia<\/a><\/h4>\t\t\t\t\t\t<p>\n\t\t\t\t\t\tChaud, froid, la g\u00e9othermie Ni\u00e7oise, un r\u00e9seau intelligent C\u2019est un tr\u00e8s beau projet...\t\t\t\t\t\t<\/p>\n\t\t\t\t\t\t\t\t\t\t\t<\/div>\n\t\t\t\t<\/div>\n\t\t\t<\/div>\n\n\t\t\t<\/article>\n\n\t<article class=\"isotopeElement post_format_standard hover_Dir even\">\n\n\t\t\n\t\t\t<div class=\"hover hoverDirShow\">\n\t\t\t\t\t\t\t\t\t<div class=\"thumb\"><img loading=\"lazy\" decoding=\"async\" class=\"wp-post-image\" width=\"383\" height=\"245\" alt=\"Le Plan Local d&rsquo;Urbanisme M\u00e9tropolitain\" src=\"https:\/\/cabinet-lantz.fr\/wp-content\/uploads\/2020\/03\/PLUm-383x245.png\"><\/div>\n\t\t\t\t\t\t\t\t<div class=\"folioShowBlock\">\n\t\t\t\t\t<div class=\"folioContentAfter\">\n\t\t\t\t\t\t<h4><a href=\"https:\/\/cabinet-lantz.fr\/index.php\/2019\/01\/05\/im-asking-you-to-believe\/\">Le Plan Local d&rsquo;Urbanisme M\u00e9tropolitain<\/a><\/h4>\t\t\t\t\t\t<p>\n\t\t\t\t\t\tPLUm Obligation l\u00e9gale et juridique C\u2019est un outil de gestion, une obligation l\u00e9gale...\t\t\t\t\t\t<\/p>\n\t\t\t\t\t\t\t\t\t\t\t<\/div>\n\t\t\t\t<\/div>\n\t\t\t<\/div>\n\n\t\t\t<\/article>\n\n\t<article class=\"isotopeElement post_format_standard hover_Dir odd\">\n\n\t\t\n\t\t\t<div class=\"hover hoverDirShow\">\n\t\t\t\t\t\t\t\t\t<div class=\"thumb\"><img loading=\"lazy\" decoding=\"async\" class=\"wp-post-image\" width=\"383\" height=\"245\" alt=\"L&rsquo;Expertise et son \u00e9volution\" src=\"https:\/\/cabinet-lantz.fr\/wp-content\/uploads\/2019\/11\/Photo-12-11-2019-14-08-13-383x245.jpg\"><\/div>\n\t\t\t\t\t\t\t\t<div class=\"folioShowBlock\">\n\t\t\t\t\t<div class=\"folioContentAfter\">\n\t\t\t\t\t\t<h4><a href=\"https:\/\/cabinet-lantz.fr\/index.php\/2018\/09\/12\/expertise-evolution-histoire-droit-judiciaire\/\">L&rsquo;Expertise et son \u00e9volution<\/a><\/h4>\t\t\t\t\t\t<p>\n\t\t\t\t\t\tL&rsquo;Expertise et son \u00e9volution dans l&rsquo;Histoire L\u2019expertise est aujourd\u2019hui...\t\t\t\t\t\t<\/p>\n\t\t\t\t\t\t\t\t\t\t\t<\/div>\n\t\t\t\t<\/div>\n\t\t\t<\/div>\n\n\t\t\t<\/article>\n\n\t<article class=\"isotopeElement post_format_standard hover_Dir even last\">\n\n\t\t\n\t\t\t<div class=\"hover hoverDirShow\">\n\t\t\t\t\t\t\t\t\t<div class=\"thumb\"><img loading=\"lazy\" decoding=\"async\" class=\"wp-post-image\" width=\"383\" height=\"245\" alt=\"Le Pallion\" src=\"https:\/\/cabinet-lantz.fr\/wp-content\/uploads\/2019\/10\/Photo-17-10-2019-17-02-44-383x245.jpg\"><\/div>\n\t\t\t\t\t\t\t\t<div class=\"folioShowBlock\">\n\t\t\t\t\t<div class=\"folioContentAfter\">\n\t\t\t\t\t\t<h4><a href=\"https:\/\/cabinet-lantz.fr\/index.php\/2017\/11\/28\/quisque-facilisis-tellus-tortor\/\">Le Pallion<\/a><\/h4>\t\t\t\t\t\t<p>\n\t\t\t\t\t\tLa coul\u00e9e verte Promenade du Paillon Avant il y avait la gare routi\u00e8re clairement...\t\t\t\t\t\t<\/p>\n\t\t\t\t\t\t\t\t\t\t\t<\/div>\n\t\t\t\t<\/div>\n\t\t\t<\/div>\n\n\t\t\t<\/article>\n<\/section><\/div><div class=\"columnsWrap sc_columns sc_columns_count_1\"><div class=\"columns1_1 sc_column_item sc_column_item_1 odd first\" style=\"text-align:center;;\"><div class=\"sc_button sc_button_style_global sc_button_size_big squareButton global big\" style=\"margin-top:10px;\"><a href=\"\/service-department-page\/\" class=\"\">More Projects<\/a><\/div><\/div><\/div><\/div>[\/vc_column][\/vc_row] ","protected":false},"excerpt":{"rendered":" [vc_row][vc_column][\/vc_column][\/vc_row][vc_row][vc_column][\/vc_column][\/vc_row] ","protected":false},"author":5,"featured_media":0,"parent":0,"menu_order":0,"comment_status":"open","ping_status":"open","template":"","meta":{"footnotes":""},"class_list":["post-4101","page","type-page","status-publish","hentry"],"yoast_head":"<!-- This site is optimized with the Yoast SEO plugin v23.7 - https:\/\/yoast.com\/wordpress\/plugins\/seo\/ -->\n<title>About Lawyer - Cabinet Lantz<\/title>\n<meta name=\"robots\" content=\"index, follow, max-snippet:-1, max-image-preview:large, max-video-preview:-1\" \/>\n<link rel=\"canonical\" href=\"https:\/\/cabinet-lantz.fr\/index.php\/about-lawyer\/\" \/>\n<meta property=\"og:locale\" content=\"fr_FR\" \/>\n<meta property=\"og:type\" content=\"article\" \/>\n<meta property=\"og:title\" content=\"About Lawyer - Cabinet Lantz\" \/>\n<meta property=\"og:description\" content=\"[vc_row][vc_column][\/vc_column][\/vc_row][vc_row][vc_column][\/vc_column][\/vc_row]\" \/>\n<meta property=\"og:url\" content=\"https:\/\/cabinet-lantz.fr\/index.php\/about-lawyer\/\" \/>\n<meta property=\"og:site_name\" content=\"Cabinet Lantz\" \/>\n<meta property=\"article:modified_time\" content=\"2018-05-21T11:06:17+00:00\" \/>\n<meta name=\"twitter:card\" content=\"summary_large_image\" \/>\n<meta name=\"twitter:label1\" content=\"Dur\u00e9e de lecture estim\u00e9e\" \/>\n\t<meta name=\"twitter:data1\" content=\"2 minutes\" \/>\n<script type=\"application\/ld+json\" class=\"yoast-schema-graph\">{\"@context\":\"https:\/\/schema.org\",\"@graph\":[{\"@type\":\"WebPage\",\"@id\":\"https:\/\/cabinet-lantz.fr\/index.php\/about-lawyer\/\",\"url\":\"https:\/\/cabinet-lantz.fr\/index.php\/about-lawyer\/\",\"name\":\"About Lawyer - Cabinet Lantz\",\"isPartOf\":{\"@id\":\"http:\/\/cabinet-lantz.fr\/#website\"},\"datePublished\":\"2015-02-09T10:11:37+00:00\",\"dateModified\":\"2018-05-21T11:06:17+00:00\",\"breadcrumb\":{\"@id\":\"https:\/\/cabinet-lantz.fr\/index.php\/about-lawyer\/#breadcrumb\"},\"inLanguage\":\"fr-FR\",\"potentialAction\":[{\"@type\":\"ReadAction\",\"target\":[\"https:\/\/cabinet-lantz.fr\/index.php\/about-lawyer\/\"]}]},{\"@type\":\"BreadcrumbList\",\"@id\":\"https:\/\/cabinet-lantz.fr\/index.php\/about-lawyer\/#breadcrumb\",\"itemListElement\":[{\"@type\":\"ListItem\",\"position\":1,\"name\":\"Accueil\",\"item\":\"http:\/\/cabinet-lantz.fr\/\"},{\"@type\":\"ListItem\",\"position\":2,\"name\":\"About Lawyer\"}]},{\"@type\":\"WebSite\",\"@id\":\"http:\/\/cabinet-lantz.fr\/#website\",\"url\":\"http:\/\/cabinet-lantz.fr\/\",\"name\":\"Cabinet Lantz\",\"description\":\"Cabinet Lantz Expertises Immobili\u00e8res\",\"potentialAction\":[{\"@type\":\"SearchAction\",\"target\":{\"@type\":\"EntryPoint\",\"urlTemplate\":\"http:\/\/cabinet-lantz.fr\/?s={search_term_string}\"},\"query-input\":{\"@type\":\"PropertyValueSpecification\",\"valueRequired\":true,\"valueName\":\"search_term_string\"}}],\"inLanguage\":\"fr-FR\"}]}<\/script>\n<!-- \/ Yoast SEO plugin. -->","yoast_head_json":{"title":"About Lawyer - Cabinet Lantz","robots":{"index":"index","follow":"follow","max-snippet":"max-snippet:-1","max-image-preview":"max-image-preview:large","max-video-preview":"max-video-preview:-1"},"canonical":"https:\/\/cabinet-lantz.fr\/index.php\/about-lawyer\/","og_locale":"fr_FR","og_type":"article","og_title":"About Lawyer - Cabinet Lantz","og_description":"[vc_row][vc_column][\/vc_column][\/vc_row][vc_row][vc_column][\/vc_column][\/vc_row]","og_url":"https:\/\/cabinet-lantz.fr\/index.php\/about-lawyer\/","og_site_name":"Cabinet Lantz","article_modified_time":"2018-05-21T11:06:17+00:00","twitter_card":"summary_large_image","twitter_misc":{"Dur\u00e9e de lecture estim\u00e9e":"2 minutes"},"schema":{"@context":"https:\/\/schema.org","@graph":[{"@type":"WebPage","@id":"https:\/\/cabinet-lantz.fr\/index.php\/about-lawyer\/","url":"https:\/\/cabinet-lantz.fr\/index.php\/about-lawyer\/","name":"About Lawyer - Cabinet Lantz","isPartOf":{"@id":"http:\/\/cabinet-lantz.fr\/#website"},"datePublished":"2015-02-09T10:11:37+00:00","dateModified":"2018-05-21T11:06:17+00:00","breadcrumb":{"@id":"https:\/\/cabinet-lantz.fr\/index.php\/about-lawyer\/#breadcrumb"},"inLanguage":"fr-FR","potentialAction":[{"@type":"ReadAction","target":["https:\/\/cabinet-lantz.fr\/index.php\/about-lawyer\/"]}]},{"@type":"BreadcrumbList","@id":"https:\/\/cabinet-lantz.fr\/index.php\/about-lawyer\/#breadcrumb","itemListElement":[{"@type":"ListItem","position":1,"name":"Accueil","item":"http:\/\/cabinet-lantz.fr\/"},{"@type":"ListItem","position":2,"name":"About Lawyer"}]},{"@type":"WebSite","@id":"http:\/\/cabinet-lantz.fr\/#website","url":"http:\/\/cabinet-lantz.fr\/","name":"Cabinet Lantz","description":"Cabinet Lantz Expertises Immobili\u00e8res","potentialAction":[{"@type":"SearchAction","target":{"@type":"EntryPoint","urlTemplate":"http:\/\/cabinet-lantz.fr\/?s={search_term_string}"},"query-input":{"@type":"PropertyValueSpecification","valueRequired":true,"valueName":"search_term_string"}}],"inLanguage":"fr-FR"}]}},"jetpack_sharing_enabled":true,"_links":{"self":[{"href":"https:\/\/cabinet-lantz.fr\/index.php\/wp-json\/wp\/v2\/pages\/4101"}],"collection":[{"href":"https:\/\/cabinet-lantz.fr\/index.php\/wp-json\/wp\/v2\/pages"}],"about":[{"href":"https:\/\/cabinet-lantz.fr\/index.php\/wp-json\/wp\/v2\/types\/page"}],"author":[{"embeddable":true,"href":"https:\/\/cabinet-lantz.fr\/index.php\/wp-json\/wp\/v2\/users\/5"}],"replies":[{"embeddable":true,"href":"https:\/\/cabinet-lantz.fr\/index.php\/wp-json\/wp\/v2\/comments?post=4101"}],"version-history":[{"count":0,"href":"https:\/\/cabinet-lantz.fr\/index.php\/wp-json\/wp\/v2\/pages\/4101\/revisions"}],"wp:attachment":[{"href":"https:\/\/cabinet-lantz.fr\/index.php\/wp-json\/wp\/v2\/media?parent=4101"}],"curies":[{"name":"wp","href":"https:\/\/api.w.org\/{rel}","templated":true}]}}