{"id":4012,"date":"2015-02-18T14:35:51","date_gmt":"2015-02-18T13:35:51","guid":{"rendered":"http:\/\/cabinet-lantz.fr\/index.php\/3-columns\/"},"modified":"2020-03-12T12:47:25","modified_gmt":"2020-03-12T11:47:25","slug":"expertise-consultation-thermographique","status":"publish","type":"page","link":"https:\/\/cabinet-lantz.fr\/index.php\/homepage-cabinet-lant\/expertise-consultation-thermographique\/","title":{"rendered":"Expertise &#038; Consultation Thermographique"},"content":{"rendered":" [vc_row][vc_column][rev_slider_vc alias=\u00a0\u00bbthermographie\u00a0\u00bb][\/vc_column][\/vc_row][vc_row css=\u00a0\u00bb.vc_custom_1573737510934{margin-top: -30px !important;}\u00a0\u00bb][vc_column][\/vc_column][\/vc_row][vc_row][vc_column][vc_column_text] <h1 style=\"text-align: center;\">Thermographie Infrarouge<\/h1>\n<p style=\"text-align: center;\">La thermographie est une technique donnant une image thermique d\u2019une sc\u00e8ne par analyse des infrarouges. C\u2019est une technologie permettant, dans un grand nombre de domaines, de d\u00e9tecter des probl\u00e8mes parfois tr\u00e8s subtils avant qu\u2019ils n\u2019aboutissent \u00e0 des pathologies plus complexes. Cette technologie permet \u00e9galement de faciliter aux diagnostiques, tout en \u00e9vitant les actions destructives, invasives et couteuses. Outre les multiples applications, celles de l\u2019immobilier sont tr\u00e8s int\u00e9ressantes pour le contr\u00f4le de l\u2019enveloppe du b\u00e2timent, l\u2019analyse de fuites de calories d\u2019une pi\u00e8ce ou de logements et locaux, et la recherche de fuites et d\u2019infiltrations ainsi que les contr\u00f4les d\u2019installations de chauffage et climatisation. [\/vc_column_text][\/vc_column][\/vc_row] ","protected":false},"excerpt":{"rendered":" [vc_row][vc_column][rev_slider_vc alias=\u00a0\u00bbthermographie\u00a0\u00bb][\/vc_column][\/vc_row][vc_row css=\u00a0\u00bb.vc_custom_1573737510934{margin-top: -30px !important;}\u00a0\u00bb][vc_column][\/vc_column][\/vc_row][vc_row][vc_column][vc_column_text] Thermographie Infrarouge La thermographie est une technique donnant une image thermique d\u2019une sc\u00e8ne par analyse des infrarouges. C\u2019est une technologie permettant, dans un grand nombre de domaines, de d\u00e9tecter des probl\u00e8mes parfois tr\u00e8s subtils avant qu\u2019ils n\u2019aboutissent \u00e0 des pathologies plus complexes. Cette technologie permet \u00e9galement de faciliter aux diagnostiques, [&hellip;] ","protected":false},"author":1,"featured_media":0,"parent":2615,"menu_order":2,"comment_status":"open","ping_status":"closed","template":"","meta":{"footnotes":""},"class_list":["post-4012","page","type-page","status-publish","hentry"],"yoast_head":"<!-- This site is optimized with the Yoast SEO plugin v23.7 - https:\/\/yoast.com\/wordpress\/plugins\/seo\/ -->\n<title>Expertise &amp; Consultation Thermographique - Cabinet Lantz<\/title>\n<meta name=\"robots\" content=\"index, follow, max-snippet:-1, max-image-preview:large, max-video-preview:-1\" \/>\n<link rel=\"canonical\" href=\"https:\/\/cabinet-lantz.fr\/index.php\/homepage-cabinet-lant\/expertise-consultation-thermographique\/\" \/>\n<meta property=\"og:locale\" content=\"fr_FR\" \/>\n<meta property=\"og:type\" content=\"article\" \/>\n<meta property=\"og:title\" content=\"Expertise &amp; Consultation Thermographique - Cabinet Lantz\" \/>\n<meta property=\"og:description\" content=\"[vc_row][vc_column][rev_slider_vc alias=\u00a0\u00bbthermographie\u00a0\u00bb][\/vc_column][\/vc_row][vc_row css=\u00a0\u00bb.vc_custom_1573737510934{margin-top: -30px !important;}\u00a0\u00bb][vc_column][\/vc_column][\/vc_row][vc_row][vc_column][vc_column_text] Thermographie Infrarouge La thermographie est une technique donnant une image thermique d\u2019une sc\u00e8ne par analyse des infrarouges. C\u2019est une technologie permettant, dans un grand nombre de domaines, de d\u00e9tecter des probl\u00e8mes parfois tr\u00e8s subtils avant qu\u2019ils n\u2019aboutissent \u00e0 des pathologies plus complexes. Cette technologie permet \u00e9galement de faciliter aux diagnostiques, [&hellip;]\" \/>\n<meta property=\"og:url\" content=\"https:\/\/cabinet-lantz.fr\/index.php\/homepage-cabinet-lant\/expertise-consultation-thermographique\/\" \/>\n<meta property=\"og:site_name\" content=\"Cabinet Lantz\" \/>\n<meta property=\"article:modified_time\" content=\"2020-03-12T11:47:25+00:00\" \/>\n<meta name=\"twitter:card\" content=\"summary_large_image\" \/>\n<meta name=\"twitter:label1\" content=\"Dur\u00e9e de lecture estim\u00e9e\" \/>\n\t<meta name=\"twitter:data1\" content=\"1 minute\" \/>\n<script type=\"application\/ld+json\" class=\"yoast-schema-graph\">{\"@context\":\"https:\/\/schema.org\",\"@graph\":[{\"@type\":\"WebPage\",\"@id\":\"https:\/\/cabinet-lantz.fr\/index.php\/homepage-cabinet-lant\/expertise-consultation-thermographique\/\",\"url\":\"https:\/\/cabinet-lantz.fr\/index.php\/homepage-cabinet-lant\/expertise-consultation-thermographique\/\",\"name\":\"Expertise & Consultation Thermographique - Cabinet Lantz\",\"isPartOf\":{\"@id\":\"http:\/\/cabinet-lantz.fr\/#website\"},\"datePublished\":\"2015-02-18T13:35:51+00:00\",\"dateModified\":\"2020-03-12T11:47:25+00:00\",\"breadcrumb\":{\"@id\":\"https:\/\/cabinet-lantz.fr\/index.php\/homepage-cabinet-lant\/expertise-consultation-thermographique\/#breadcrumb\"},\"inLanguage\":\"fr-FR\",\"potentialAction\":[{\"@type\":\"ReadAction\",\"target\":[\"https:\/\/cabinet-lantz.fr\/index.php\/homepage-cabinet-lant\/expertise-consultation-thermographique\/\"]}]},{\"@type\":\"BreadcrumbList\",\"@id\":\"https:\/\/cabinet-lantz.fr\/index.php\/homepage-cabinet-lant\/expertise-consultation-thermographique\/#breadcrumb\",\"itemListElement\":[{\"@type\":\"ListItem\",\"position\":1,\"name\":\"Accueil\",\"item\":\"http:\/\/cabinet-lantz.fr\/\"},{\"@type\":\"ListItem\",\"position\":2,\"name\":\"Homepage Cabinet lantz\",\"item\":\"http:\/\/cabinet-lantz.fr\/\"},{\"@type\":\"ListItem\",\"position\":3,\"name\":\"Expertise &#038; Consultation Thermographique\"}]},{\"@type\":\"WebSite\",\"@id\":\"http:\/\/cabinet-lantz.fr\/#website\",\"url\":\"http:\/\/cabinet-lantz.fr\/\",\"name\":\"Cabinet Lantz\",\"description\":\"Cabinet Lantz Expertises Immobili\u00e8res\",\"potentialAction\":[{\"@type\":\"SearchAction\",\"target\":{\"@type\":\"EntryPoint\",\"urlTemplate\":\"http:\/\/cabinet-lantz.fr\/?s={search_term_string}\"},\"query-input\":{\"@type\":\"PropertyValueSpecification\",\"valueRequired\":true,\"valueName\":\"search_term_string\"}}],\"inLanguage\":\"fr-FR\"}]}<\/script>\n<!-- \/ Yoast SEO plugin. -->","yoast_head_json":{"title":"Expertise & Consultation Thermographique - Cabinet Lantz","robots":{"index":"index","follow":"follow","max-snippet":"max-snippet:-1","max-image-preview":"max-image-preview:large","max-video-preview":"max-video-preview:-1"},"canonical":"https:\/\/cabinet-lantz.fr\/index.php\/homepage-cabinet-lant\/expertise-consultation-thermographique\/","og_locale":"fr_FR","og_type":"article","og_title":"Expertise & Consultation Thermographique - Cabinet Lantz","og_description":"[vc_row][vc_column][rev_slider_vc alias=\u00a0\u00bbthermographie\u00a0\u00bb][\/vc_column][\/vc_row][vc_row css=\u00a0\u00bb.vc_custom_1573737510934{margin-top: -30px !important;}\u00a0\u00bb][vc_column][\/vc_column][\/vc_row][vc_row][vc_column][vc_column_text] Thermographie Infrarouge La thermographie est une technique donnant une image thermique d\u2019une sc\u00e8ne par analyse des infrarouges. C\u2019est une technologie permettant, dans un grand nombre de domaines, de d\u00e9tecter des probl\u00e8mes parfois tr\u00e8s subtils avant qu\u2019ils n\u2019aboutissent \u00e0 des pathologies plus complexes. Cette technologie permet \u00e9galement de faciliter aux diagnostiques, [&hellip;]","og_url":"https:\/\/cabinet-lantz.fr\/index.php\/homepage-cabinet-lant\/expertise-consultation-thermographique\/","og_site_name":"Cabinet Lantz","article_modified_time":"2020-03-12T11:47:25+00:00","twitter_card":"summary_large_image","twitter_misc":{"Dur\u00e9e de lecture estim\u00e9e":"1 minute"},"schema":{"@context":"https:\/\/schema.org","@graph":[{"@type":"WebPage","@id":"https:\/\/cabinet-lantz.fr\/index.php\/homepage-cabinet-lant\/expertise-consultation-thermographique\/","url":"https:\/\/cabinet-lantz.fr\/index.php\/homepage-cabinet-lant\/expertise-consultation-thermographique\/","name":"Expertise & Consultation Thermographique - Cabinet Lantz","isPartOf":{"@id":"http:\/\/cabinet-lantz.fr\/#website"},"datePublished":"2015-02-18T13:35:51+00:00","dateModified":"2020-03-12T11:47:25+00:00","breadcrumb":{"@id":"https:\/\/cabinet-lantz.fr\/index.php\/homepage-cabinet-lant\/expertise-consultation-thermographique\/#breadcrumb"},"inLanguage":"fr-FR","potentialAction":[{"@type":"ReadAction","target":["https:\/\/cabinet-lantz.fr\/index.php\/homepage-cabinet-lant\/expertise-consultation-thermographique\/"]}]},{"@type":"BreadcrumbList","@id":"https:\/\/cabinet-lantz.fr\/index.php\/homepage-cabinet-lant\/expertise-consultation-thermographique\/#breadcrumb","itemListElement":[{"@type":"ListItem","position":1,"name":"Accueil","item":"http:\/\/cabinet-lantz.fr\/"},{"@type":"ListItem","position":2,"name":"Homepage Cabinet lantz","item":"http:\/\/cabinet-lantz.fr\/"},{"@type":"ListItem","position":3,"name":"Expertise &#038; Consultation Thermographique"}]},{"@type":"WebSite","@id":"http:\/\/cabinet-lantz.fr\/#website","url":"http:\/\/cabinet-lantz.fr\/","name":"Cabinet Lantz","description":"Cabinet Lantz Expertises Immobili\u00e8res","potentialAction":[{"@type":"SearchAction","target":{"@type":"EntryPoint","urlTemplate":"http:\/\/cabinet-lantz.fr\/?s={search_term_string}"},"query-input":{"@type":"PropertyValueSpecification","valueRequired":true,"valueName":"search_term_string"}}],"inLanguage":"fr-FR"}]}},"jetpack_sharing_enabled":true,"_links":{"self":[{"href":"https:\/\/cabinet-lantz.fr\/index.php\/wp-json\/wp\/v2\/pages\/4012"}],"collection":[{"href":"https:\/\/cabinet-lantz.fr\/index.php\/wp-json\/wp\/v2\/pages"}],"about":[{"href":"https:\/\/cabinet-lantz.fr\/index.php\/wp-json\/wp\/v2\/types\/page"}],"author":[{"embeddable":true,"href":"https:\/\/cabinet-lantz.fr\/index.php\/wp-json\/wp\/v2\/users\/1"}],"replies":[{"embeddable":true,"href":"https:\/\/cabinet-lantz.fr\/index.php\/wp-json\/wp\/v2\/comments?post=4012"}],"version-history":[{"count":4,"href":"https:\/\/cabinet-lantz.fr\/index.php\/wp-json\/wp\/v2\/pages\/4012\/revisions"}],"predecessor-version":[{"id":4193,"href":"https:\/\/cabinet-lantz.fr\/index.php\/wp-json\/wp\/v2\/pages\/4012\/revisions\/4193"}],"up":[{"embeddable":true,"href":"https:\/\/cabinet-lantz.fr\/index.php\/wp-json\/wp\/v2\/pages\/2615"}],"wp:attachment":[{"href":"https:\/\/cabinet-lantz.fr\/index.php\/wp-json\/wp\/v2\/media?parent=4012"}],"curies":[{"name":"wp","href":"https:\/\/api.w.org\/{rel}","templated":true}]}}