{"id":3981,"date":"2014-07-11T13:10:47","date_gmt":"2014-07-11T13:10:47","guid":{"rendered":"http:\/\/cabinet-lantz.fr\/index.php\/about-us\/"},"modified":"2019-10-24T13:13:27","modified_gmt":"2019-10-24T11:13:27","slug":"about-us","status":"publish","type":"page","link":"https:\/\/cabinet-lantz.fr\/index.php\/about-us\/","title":{"rendered":"A propos"},"content":{"rendered":" [vc_row][vc_column]<div class=\"columnsWrap sc_columns sc_columns_count_2\"><div class=\"columns1_2 sc_column_item sc_column_item_1 odd first\"><figure class=\"sc_image  sc_image_shape_square\"><img decoding=\"async\" src=\"https:\/\/cabinet-lantz.fr\/wp-content\/uploads\/2019\/10\/4.png\" alt=\"img\" \/><\/figure><\/div><div class=\"columns1_2 sc_column_item sc_column_item_2 even\"><h1 class=\"sc_title sc_title_regular\" style=\"text-align:left;\">Quelques mots pour nous pr\u00e9senter<\/h1>[vc_column_text]Fort de plus de dix ans d\u2019exp\u00e9riences crois\u00e9es dans les domaines de l\u2019immobilier, en \u00e9valuation comme en transaction. Ainsi que dans la construction, en conseils et suivis de projets.<\/p>\n<p>L\u2019envie d\u2019aborder le march\u00e9 de l\u2019immobilier et ses protagonistes sous un autre angle, \u00e9tait une \u00e9vidence. Bien trop au fait de la duret\u00e9 des march\u00e9s et de la grande difficult\u00e9 \u00e0 obtenir un avis et conseil impartial. L\u2019expertise offre un autre point de vue sur ses probl\u00e9matiques. C\u2019est de cette r\u00e9flexion et constatation que le Cabinet Lantz est n\u00e9e. Avec pour but de d\u00e9livrer a nos clients, un service et une information de qualit\u00e9, la plus impartiale et juste, en garantissant toujours le plus grand respect des chartes, normes expertales, et r\u00e8gles de d\u00e9ontologie.[\/vc_column_text]<\/div><\/div>[\/vc_column][\/vc_row][vc_row][vc_column]<div class=\"columnsWrap sc_columns sc_columns_count_3\"><div class=\"columns2_3 sc_column_item sc_column_item_1 odd first span_2\"><div id=\"sc_skills_diagram_2059894801\" class=\"sc_skills sc_skills_arc\" data-type=\"arc\" data-subtitle=\"Skills\"><div class=\"sc_skills_legend\"><h2>Law skills<\/h2><ul><li style=\"background-color:rgba(0,0,14,1)\">Business Law<\/li><li style=\"background-color:rgba(0,0,14,0.9)\">Family Law<\/li><li style=\"background-color:rgba(0,0,14,0.8)\">Guardianship<\/li><li style=\"background-color:rgba(0,0,14,0.7)\">Elder Law<\/li><li style=\"background-color:rgba(0,0,14,0.6)\">Elder Law<\/li><li style=\"background-color:rgba(0,0,14,0.5)\">Litigation<\/li><\/ul><\/div><div id=\"sc_skills_diagram_2059894801_diagram\" class=\"sc_skills_arc_canvas\"><\/div><div class=\"sc_skills_data\" style=\"display:none;\"><div class=\"arc\"><input type=\"hidden\" class=\"text\" value=\"Business Law\" \/><input type=\"hidden\" class=\"percent\" value=\"95\" \/><input type=\"hidden\" class=\"color\" value=\"rgba(0,0,14,1)\" \/><\/div><div class=\"arc\"><input type=\"hidden\" class=\"text\" value=\"Family Law\" \/><input type=\"hidden\" class=\"percent\" value=\"90\" \/><input type=\"hidden\" class=\"color\" value=\"rgba(0,0,14,0.9)\" \/><\/div><div class=\"arc\"><input type=\"hidden\" class=\"text\" value=\"Guardianship\" \/><input type=\"hidden\" class=\"percent\" value=\"80\" \/><input type=\"hidden\" class=\"color\" value=\"rgba(0,0,14,0.8)\" \/><\/div><div class=\"arc\"><input type=\"hidden\" class=\"text\" value=\"Elder Law\" \/><input type=\"hidden\" class=\"percent\" value=\"53\" \/><input type=\"hidden\" class=\"color\" value=\"rgba(0,0,14,0.7)\" \/><\/div><div class=\"arc\"><input type=\"hidden\" class=\"text\" value=\"Elder Law\" \/><input type=\"hidden\" class=\"percent\" value=\"53\" \/><input type=\"hidden\" class=\"color\" value=\"rgba(0,0,14,0.6)\" \/><\/div><div class=\"arc\"><input type=\"hidden\" class=\"text\" value=\"Litigation\" \/><input type=\"hidden\" class=\"percent\" value=\"45\" \/><input type=\"hidden\" class=\"color\" value=\"rgba(0,0,14,0.5)\" \/><\/div><\/div><\/div><\/div><div class=\"columns1_3 sc_column_item sc_column_item_3 odd after_span_2\"><h2 class=\"sc_title sc_title_regular\" style=\"text-align:left;\">Comp\u00e9tences linguistiques<\/h2><div class=\"sc_skills sc_skills_bar sc_skills_horizontal\" data-type=\"bar\" data-subtitle=\"Skills\" data-dir=\"horizontal\"><div class=\"sc_skills_info\">Fran\u00e7ais<\/div><div class=\"sc_skills_item sc_skills_style_1 odd first\"><div class=\"sc_skills_count\"><div class=\"sc_skills_total\" data-start=\"0\" data-stop=\"98\" data-step=\"1\" data-max=\"100\" data-speed=\"23\" data-duration=\"2254\" data-ed=\"%\">0%<\/div><\/div><\/div><div class=\"sc_skills_info\">Anglais<\/div><div class=\"sc_skills_item sc_skills_style_1 even\"><div class=\"sc_skills_count\"><div class=\"sc_skills_total\" data-start=\"0\" data-stop=\"81\" data-step=\"1\" data-max=\"100\" data-speed=\"28\" data-duration=\"2268\" data-ed=\"%\">0%<\/div><\/div><\/div><\/div><\/div><\/div><div class=\"sc_line sc_line_style_solid\" style=\"margin-top:35px;margin-bottom:100px;border-top-style:solid;\"><\/div>[\/vc_column][\/vc_row][vc_row][vc_column]<h2 class=\"sc_title sc_title_regular\" style=\"text-align:center;\">Services<\/h2><div class=\"sc_skills sc_skills_counter\" data-type=\"counter\" data-subtitle=\"Skills\"><div class=\"columnsWrap sc_skills_columns\"><div class=\"sc_skills_column columns1_5\"><div class=\"sc_skills_item sc_skills_style_2 odd first\"><div class=\"sc_skills_count\"><div class=\"sc_skills_total\" data-start=\"0\" data-stop=\"68\" data-step=\"1\" data-max=\"100\" data-speed=\"29\" data-duration=\"1972\" data-ed=\"%\">0%<\/div><\/div><div class=\"sc_skills_info\">Court Filings<\/div><\/div><\/div><div class=\"sc_skills_column columns1_5\"><div class=\"sc_skills_item sc_skills_style_2 even\"><div class=\"sc_skills_count\"><div class=\"sc_skills_total\" data-start=\"0\" data-stop=\"72\" data-step=\"1\" data-max=\"100\" data-speed=\"12\" data-duration=\"864\" data-ed=\"%\">0%<\/div><\/div><div class=\"sc_skills_info\">Fax Filings<\/div><\/div><\/div><div class=\"sc_skills_column columns1_5\"><div class=\"sc_skills_item sc_skills_style_2 odd\"><div class=\"sc_skills_count\"><div class=\"sc_skills_total\" data-start=\"0\" data-stop=\"98\" data-step=\"1\" data-max=\"100\" data-speed=\"19\" data-duration=\"1862\" data-ed=\"%\">0%<\/div><\/div><div class=\"sc_skills_info\">Court Research<\/div><\/div><\/div><div class=\"sc_skills_column columns1_5\"><div class=\"sc_skills_item sc_skills_style_2 even\"><div class=\"sc_skills_count\"><div class=\"sc_skills_total\" data-start=\"0\" data-stop=\"45\" data-step=\"1\" data-max=\"100\" data-speed=\"17\" data-duration=\"765\" data-ed=\"%\">0%<\/div><\/div><div class=\"sc_skills_info\">Process Serving<\/div><\/div><\/div><div class=\"sc_skills_column columns1_5\"><div class=\"sc_skills_item sc_skills_style_2 odd\"><div class=\"sc_skills_count\"><div class=\"sc_skills_total\" data-start=\"0\" data-stop=\"78\" data-step=\"1\" data-max=\"100\" data-speed=\"38\" data-duration=\"2964\" data-ed=\"%\">0%<\/div><\/div><div class=\"sc_skills_info\">Online services<\/div><\/div><\/div><\/div><\/div>[\/vc_column][\/vc_row] ","protected":false},"excerpt":{"rendered":" [vc_row][vc_column][\/vc_column][\/vc_row][vc_row][vc_column][\/vc_column][\/vc_row][vc_row][vc_column][\/vc_column][\/vc_row] ","protected":false},"author":1,"featured_media":0,"parent":0,"menu_order":0,"comment_status":"open","ping_status":"open","template":"","meta":{"footnotes":""},"class_list":["post-3981","page","type-page","status-publish","hentry"],"yoast_head":"<!-- This site is optimized with the Yoast SEO plugin v23.7 - https:\/\/yoast.com\/wordpress\/plugins\/seo\/ -->\n<title>A propos - Cabinet Lantz<\/title>\n<meta name=\"robots\" content=\"index, follow, max-snippet:-1, max-image-preview:large, max-video-preview:-1\" \/>\n<link rel=\"canonical\" href=\"https:\/\/cabinet-lantz.fr\/index.php\/about-us\/\" \/>\n<meta property=\"og:locale\" content=\"fr_FR\" \/>\n<meta property=\"og:type\" content=\"article\" \/>\n<meta property=\"og:title\" content=\"A propos - Cabinet Lantz\" \/>\n<meta property=\"og:description\" content=\"[vc_row][vc_column][\/vc_column][\/vc_row][vc_row][vc_column][\/vc_column][\/vc_row][vc_row][vc_column][\/vc_column][\/vc_row]\" \/>\n<meta property=\"og:url\" content=\"https:\/\/cabinet-lantz.fr\/index.php\/about-us\/\" \/>\n<meta property=\"og:site_name\" content=\"Cabinet Lantz\" \/>\n<meta property=\"article:modified_time\" content=\"2019-10-24T11:13:27+00:00\" \/>\n<meta name=\"twitter:card\" content=\"summary_large_image\" \/>\n<meta name=\"twitter:label1\" content=\"Dur\u00e9e de lecture estim\u00e9e\" \/>\n\t<meta name=\"twitter:data1\" content=\"2 minutes\" \/>\n<script type=\"application\/ld+json\" class=\"yoast-schema-graph\">{\"@context\":\"https:\/\/schema.org\",\"@graph\":[{\"@type\":\"WebPage\",\"@id\":\"https:\/\/cabinet-lantz.fr\/index.php\/about-us\/\",\"url\":\"https:\/\/cabinet-lantz.fr\/index.php\/about-us\/\",\"name\":\"A propos - Cabinet Lantz\",\"isPartOf\":{\"@id\":\"http:\/\/cabinet-lantz.fr\/#website\"},\"datePublished\":\"2014-07-11T13:10:47+00:00\",\"dateModified\":\"2019-10-24T11:13:27+00:00\",\"breadcrumb\":{\"@id\":\"https:\/\/cabinet-lantz.fr\/index.php\/about-us\/#breadcrumb\"},\"inLanguage\":\"fr-FR\",\"potentialAction\":[{\"@type\":\"ReadAction\",\"target\":[\"https:\/\/cabinet-lantz.fr\/index.php\/about-us\/\"]}]},{\"@type\":\"BreadcrumbList\",\"@id\":\"https:\/\/cabinet-lantz.fr\/index.php\/about-us\/#breadcrumb\",\"itemListElement\":[{\"@type\":\"ListItem\",\"position\":1,\"name\":\"Accueil\",\"item\":\"http:\/\/cabinet-lantz.fr\/\"},{\"@type\":\"ListItem\",\"position\":2,\"name\":\"A propos\"}]},{\"@type\":\"WebSite\",\"@id\":\"http:\/\/cabinet-lantz.fr\/#website\",\"url\":\"http:\/\/cabinet-lantz.fr\/\",\"name\":\"Cabinet Lantz\",\"description\":\"Cabinet Lantz Expertises Immobili\u00e8res\",\"potentialAction\":[{\"@type\":\"SearchAction\",\"target\":{\"@type\":\"EntryPoint\",\"urlTemplate\":\"http:\/\/cabinet-lantz.fr\/?s={search_term_string}\"},\"query-input\":{\"@type\":\"PropertyValueSpecification\",\"valueRequired\":true,\"valueName\":\"search_term_string\"}}],\"inLanguage\":\"fr-FR\"}]}<\/script>\n<!-- \/ Yoast SEO plugin. -->","yoast_head_json":{"title":"A propos - Cabinet Lantz","robots":{"index":"index","follow":"follow","max-snippet":"max-snippet:-1","max-image-preview":"max-image-preview:large","max-video-preview":"max-video-preview:-1"},"canonical":"https:\/\/cabinet-lantz.fr\/index.php\/about-us\/","og_locale":"fr_FR","og_type":"article","og_title":"A propos - Cabinet Lantz","og_description":"[vc_row][vc_column][\/vc_column][\/vc_row][vc_row][vc_column][\/vc_column][\/vc_row][vc_row][vc_column][\/vc_column][\/vc_row]","og_url":"https:\/\/cabinet-lantz.fr\/index.php\/about-us\/","og_site_name":"Cabinet Lantz","article_modified_time":"2019-10-24T11:13:27+00:00","twitter_card":"summary_large_image","twitter_misc":{"Dur\u00e9e de lecture estim\u00e9e":"2 minutes"},"schema":{"@context":"https:\/\/schema.org","@graph":[{"@type":"WebPage","@id":"https:\/\/cabinet-lantz.fr\/index.php\/about-us\/","url":"https:\/\/cabinet-lantz.fr\/index.php\/about-us\/","name":"A propos - Cabinet Lantz","isPartOf":{"@id":"http:\/\/cabinet-lantz.fr\/#website"},"datePublished":"2014-07-11T13:10:47+00:00","dateModified":"2019-10-24T11:13:27+00:00","breadcrumb":{"@id":"https:\/\/cabinet-lantz.fr\/index.php\/about-us\/#breadcrumb"},"inLanguage":"fr-FR","potentialAction":[{"@type":"ReadAction","target":["https:\/\/cabinet-lantz.fr\/index.php\/about-us\/"]}]},{"@type":"BreadcrumbList","@id":"https:\/\/cabinet-lantz.fr\/index.php\/about-us\/#breadcrumb","itemListElement":[{"@type":"ListItem","position":1,"name":"Accueil","item":"http:\/\/cabinet-lantz.fr\/"},{"@type":"ListItem","position":2,"name":"A propos"}]},{"@type":"WebSite","@id":"http:\/\/cabinet-lantz.fr\/#website","url":"http:\/\/cabinet-lantz.fr\/","name":"Cabinet Lantz","description":"Cabinet Lantz Expertises Immobili\u00e8res","potentialAction":[{"@type":"SearchAction","target":{"@type":"EntryPoint","urlTemplate":"http:\/\/cabinet-lantz.fr\/?s={search_term_string}"},"query-input":{"@type":"PropertyValueSpecification","valueRequired":true,"valueName":"search_term_string"}}],"inLanguage":"fr-FR"}]}},"jetpack_sharing_enabled":true,"_links":{"self":[{"href":"https:\/\/cabinet-lantz.fr\/index.php\/wp-json\/wp\/v2\/pages\/3981"}],"collection":[{"href":"https:\/\/cabinet-lantz.fr\/index.php\/wp-json\/wp\/v2\/pages"}],"about":[{"href":"https:\/\/cabinet-lantz.fr\/index.php\/wp-json\/wp\/v2\/types\/page"}],"author":[{"embeddable":true,"href":"https:\/\/cabinet-lantz.fr\/index.php\/wp-json\/wp\/v2\/users\/1"}],"replies":[{"embeddable":true,"href":"https:\/\/cabinet-lantz.fr\/index.php\/wp-json\/wp\/v2\/comments?post=3981"}],"version-history":[{"count":6,"href":"https:\/\/cabinet-lantz.fr\/index.php\/wp-json\/wp\/v2\/pages\/3981\/revisions"}],"predecessor-version":[{"id":4009,"href":"https:\/\/cabinet-lantz.fr\/index.php\/wp-json\/wp\/v2\/pages\/3981\/revisions\/4009"}],"wp:attachment":[{"href":"https:\/\/cabinet-lantz.fr\/index.php\/wp-json\/wp\/v2\/media?parent=3981"}],"curies":[{"name":"wp","href":"https:\/\/api.w.org\/{rel}","templated":true}]}}