{"id":2615,"date":"2015-01-22T13:35:35","date_gmt":"2015-01-22T12:35:35","guid":{"rendered":"http:\/\/cabinet-lantz.fr\/?page_id=2615"},"modified":"2023-04-28T16:46:39","modified_gmt":"2023-04-28T14:46:39","slug":"homepage-cabinet-lant","status":"publish","type":"page","link":"https:\/\/cabinet-lantz.fr\/","title":{"rendered":"Homepage Cabinet lantz"},"content":{"rendered":"\t\t<div data-elementor-type=\"wp-page\" data-elementor-id=\"2615\" class=\"elementor elementor-2615\" data-elementor-settings=\"[]\">\n\t\t\t<div class=\"elementor-inner\">\n\t\t\t\t<div class=\"elementor-section-wrap\">\n\t\t\t\t\t\t\t<section class=\"elementor-element elementor-element-326103ec elementor-section-boxed elementor-section-height-default elementor-section-height-default elementor-section elementor-top-section\" data-id=\"326103ec\" data-element_type=\"section\">\n\t\t\t\t\t\t<div class=\"elementor-container elementor-column-gap-default\">\n\t\t\t\t<div class=\"elementor-row\">\n\t\t\t\t<div class=\"elementor-element elementor-element-5aaa0043 elementor-column elementor-col-100 elementor-top-column\" data-id=\"5aaa0043\" data-element_type=\"column\">\n\t\t\t<div class=\"elementor-column-wrap  elementor-element-populated\">\n\t\t\t\t\t<div class=\"elementor-widget-wrap\">\n\t\t\t\t<div class=\"elementor-element elementor-element-735e4412 elementor-widget elementor-widget-text-editor\" data-id=\"735e4412\" data-element_type=\"widget\" data-widget_type=\"text-editor.default\">\n\t\t\t\t<div class=\"elementor-widget-container\">\n\t\t\t\t\t<div class=\"elementor-text-editor elementor-clearfix\"> [vc_row][vc_column]<div class=\"sc_section\" style=\"color:#7d7d74;background-color:#f2f2e2;padding-right:15px; padding-left:15px;\"><h2 class=\"sc_title sc_title_regular\" style=\"margin-top:100px;margin-bottom:10px;text-align:center;color:#8a8a7b;font-weight:400;\">CABINET LANTZ<br \/>Expertises Immobili\u00e8res<\/h2><div class=\"sc_section sc_aligncenter\" style=\"margin-bottom:100px !important;\"><span style=\"font-size: 13px;\">L&rsquo;expertise immobili\u00e8re est notre m\u00e9tier.\u00a0<\/span><span style=\"font-size: 13px;\">Fort de plus de dix ans d&rsquo;exp\u00e9riences crois\u00e9es dans les domaines de l&rsquo;immobilier, et cela en \u00e9valuation comme en transaction. Ainsi que dans la construction, r\u00e9novation, mais \u00e9galement, en conseils et suivis de projets.\u00a0<\/span><span style=\"font-size: 13px;\">Le Cabinet Lantz est la pour vous accompagner et vous assister, en vous apportant professionnalisme, rigueur et savoir faire.<\/span><\/div><\/div>[\/vc_column][\/vc_row][vc_row][vc_column]<a name=\"toc_team\" id=\"toc_team\" class=\"sc_anchor\" title=\"\" data-description=\"NOS ACTIVITES&lt;br&gt;&lt;i&gt;A propos de nos activit\u00e9s&lt;\/i&gt;\" data-icon=\"icon-important\" data-url=\"#toc_team\" data-separator=\"yes\"><\/a><div class=\"sc_content main\" style=\"margin-top:5.7em !important;margin-bottom:6px !important;\"><h1 class=\"sc_title sc_title_regular\" style=\"text-align:center;\">Nos activit\u00e9s<\/h1><div class=\"sc_section sc_aligncenter\" style=\"margin-bottom:2.1em !important;font-weight:300;font-size:18px;line-height:30px;color: #818175;\">[vc_column_text]Sp\u00e9cialiste de l\u2019expertise en \u00e9valuation immobili\u00e8re, notre exp\u00e9rience et nos connaissances dans les domaines li\u00e9s de la construction et r\u00e9novation, nous permettent de vous conseiller dans ses activit\u00e9s.[\/vc_column_text]<\/div><div class=\"sc_team\"><div class=\"sc_columns columnsWrap\"><div class=\"columns1_3\"><div class=\"sc_team_item sc_team_item_1 odd first\"><div class=\"sc_team_item_avatar\"><img loading=\"lazy\" decoding=\"async\" class=\"wp-post-image\" width=\"370\" height=\"370\" alt=\"Photo-15-10-2019-19-53-44.jpg\" src=\"https:\/\/cabinet-lantz.fr\/wp-content\/uploads\/2019\/10\/Photo-15-10-2019-19-53-44-370x370.jpg\"><div class=\"sc_team_item_description\">La thermographie est une technique donnant une image thermique d\u2019une sc\u00e8ne par analyse des infrarouges. C\u2019est une technologie permettant, dans un grand nombre de domaines, de d\u00e9tecter&#8230;<\/div><\/div><div class=\"sc_team_item_info\"><h3 class=\"sc_team_item_title\"><a href=\"https:\/\/cabinet-lantz.fr\/index.php\/homepage-cabinet-lant\/expertise-consultation-thermographique\/\">Expertise &amp; Consultation thermographique<\/a><\/h3><\/div><\/div><\/div> <div class=\"columns1_3\"><div class=\"sc_team_item sc_team_item_2 even\"><div class=\"sc_team_item_avatar\"><img loading=\"lazy\" decoding=\"async\" class=\"wp-post-image\" width=\"370\" height=\"370\" alt=\"Immobilier-2019.jpeg\" src=\"http:\/\/cabinet-lantz.fr\/wp-content\/uploads\/2020\/03\/Immobilier-2019-370x370.jpeg\"><div class=\"sc_team_item_description\">&#8230;<\/div><\/div><div class=\"sc_team_item_info\"><h3 class=\"sc_team_item_title\"><a href=\"https:\/\/cabinet-lantz.fr\/index.php\/homepage-cabinet-lant\/expertise-conduite-de-travaux\/\">Expertise &amp; Conduite de travaux<\/a><\/h3><\/div><\/div><\/div><div class=\"columns1_3\"><div class=\"sc_team_item sc_team_item_3 odd\"><div class=\"sc_team_item_avatar\"><img loading=\"lazy\" decoding=\"async\" class=\"wp-post-image\" width=\"370\" height=\"370\" alt=\"Photo-17-10-2019-16-52-37.jpg\" src=\"https:\/\/cabinet-lantz.fr\/wp-content\/uploads\/2019\/10\/Photo-17-10-2019-16-52-37-370x370.jpg\"><div class=\"sc_team_item_description\">L\u2019expertise en \u00e9valuation immobili\u00e8re est notre m\u00e9tier et sp\u00e9cialit\u00e9. Avec de nombreuses ann\u00e9es d\u2019exp\u00e9riences dans l\u2019immobilier de transaction, professionnel et particulier&#8230;<\/div><\/div><div class=\"sc_team_item_info\"><h3 class=\"sc_team_item_title\"><a href=\"https:\/\/cabinet-lantz.fr\/index.php\/homepage-cabinet-lant\/expertise-evaluation-immobiliere\/\">Expertise Evaluation Immobili\u00e8re<\/a><\/h3><\/div><\/div><\/div><\/div><\/div><\/div><div class=\"sc_line sc_line_style_solid\" style=\"border-top-width:1px;border-top-style:solid;border-top-color:#dddddd;\"><\/div>[\/vc_column][\/vc_row][vc_row][vc_column]<a name=\"toc_help\" id=\"toc_help\" class=\"sc_anchor\" title=\"\" data-description=\"BESOIN D&#039;AIDE?&lt;br&gt;&lt;i&gt;Envoyez-nous un mail&lt;\/i&gt;\" data-icon=\"icon-help-1\" data-url=\"#toc_help\" data-separator=\"yes\"><\/a><div class=\"sc_content main\" style=\"margin-top:5.7em !important;\"><h1 class=\"sc_title sc_title_regular\" style=\"text-align:center;\">Nous contacter par e-mail<\/h1><div class=\"sc_section sc_aligncenter\" style=\"margin-bottom:15px !important;font-weight:300;font-size:18px;line-height:30px;color: #818175;\"><\/div><\/div><div class=\"sc_content main\" style=\"margin-bottom:75px !important;\"><div class=\"sc_section sc_aligncenter columns2_3\" style=\"margin-bottom:30px !important;\"><div  id=\"sc_contact_form_1639182413_contact_1\" class=\"sc_contact_form sc_contact_form_contact_1\"><form id=\"sc_contact_form_1639182413\" data-formtype=\"contact_1\" method=\"post\" action=\"\"><div class=\"columnsWrap\"><div class=\"columns1_2\"><input id=\"sc_contact_form_username\" type=\"text\" name=\"username\" placeholder=\"Name\"><\/div><div class=\"columns1_2\"><input id=\"sc_contact_form_email\" type=\"text\" name=\"email\" placeholder=\"E-mail\"><\/div><div class=\"columns1\"><input id=\"sc_contact_form_subj\" type=\"text\" name=\"subject\" placeholder=\"Subject\"><\/div><\/div><div class=\"message\"><textarea id=\"sc_contact_form_message\" class=\"textAreaSize\" name=\"message\" placeholder=\"Message\"><\/textarea><\/div><div class=\"sc_contact_form_button\"><div class=\"squareButton sc_button_size_huge sc_button_style_global global huge\"><a href=\"#\" class=\"sc_contact_form_submit\">Submit<\/a><\/div><\/div><div class=\"result sc_infobox\"><\/div><\/form><\/div><\/div><\/div><div class=\"sc_line sc_line_style_solid\" style=\"border-top-width:1px;border-top-style:solid;border-top-color:#dddddd;\"><\/div>[\/vc_column][\/vc_row] <\/div>\n\t\t\t\t<\/div>\n\t\t\t\t<\/div>\n\t\t\t\t\t\t<\/div>\n\t\t\t<\/div>\n\t\t<\/div>\n\t\t\t\t\t\t<\/div>\n\t\t\t<\/div>\n\t\t<\/section>\n\t\t\t\t\t\t<\/div>\n\t\t\t<\/div>\n\t\t<\/div>\n\t\t","protected":false},"excerpt":{"rendered":" [vc_row][vc_column][\/vc_column][\/vc_row][vc_row][vc_column][\/vc_column][\/vc_row][vc_row][vc_column][\/vc_column][\/vc_row] ","protected":false},"author":1,"featured_media":0,"parent":0,"menu_order":0,"comment_status":"open","ping_status":"closed","template":"","meta":{"footnotes":""},"class_list":["post-2615","page","type-page","status-publish","hentry"],"yoast_head":"<!-- This site is optimized with the Yoast SEO plugin v23.7 - https:\/\/yoast.com\/wordpress\/plugins\/seo\/ -->\n<title>Homepage Cabinet lantz - Cabinet Lantz<\/title>\n<meta name=\"robots\" content=\"index, follow, max-snippet:-1, max-image-preview:large, max-video-preview:-1\" \/>\n<link rel=\"canonical\" href=\"http:\/\/cabinet-lantz.fr\/\" \/>\n<meta property=\"og:locale\" content=\"fr_FR\" \/>\n<meta property=\"og:type\" content=\"article\" \/>\n<meta property=\"og:title\" content=\"Homepage Cabinet lantz - Cabinet Lantz\" \/>\n<meta property=\"og:description\" content=\"[vc_row][vc_column][\/vc_column][\/vc_row][vc_row][vc_column][\/vc_column][\/vc_row][vc_row][vc_column][\/vc_column][\/vc_row]\" \/>\n<meta property=\"og:url\" content=\"http:\/\/cabinet-lantz.fr\/\" \/>\n<meta property=\"og:site_name\" content=\"Cabinet Lantz\" \/>\n<meta property=\"article:modified_time\" content=\"2023-04-28T14:46:39+00:00\" \/>\n<meta name=\"twitter:card\" content=\"summary_large_image\" \/>\n<meta name=\"twitter:label1\" content=\"Dur\u00e9e de lecture estim\u00e9e\" \/>\n\t<meta name=\"twitter:data1\" content=\"2 minutes\" \/>\n<script type=\"application\/ld+json\" class=\"yoast-schema-graph\">{\"@context\":\"https:\/\/schema.org\",\"@graph\":[{\"@type\":\"WebPage\",\"@id\":\"http:\/\/cabinet-lantz.fr\/\",\"url\":\"http:\/\/cabinet-lantz.fr\/\",\"name\":\"Homepage Cabinet lantz - Cabinet Lantz\",\"isPartOf\":{\"@id\":\"http:\/\/cabinet-lantz.fr\/#website\"},\"datePublished\":\"2015-01-22T12:35:35+00:00\",\"dateModified\":\"2023-04-28T14:46:39+00:00\",\"breadcrumb\":{\"@id\":\"http:\/\/cabinet-lantz.fr\/#breadcrumb\"},\"inLanguage\":\"fr-FR\",\"potentialAction\":[{\"@type\":\"ReadAction\",\"target\":[\"http:\/\/cabinet-lantz.fr\/\"]}]},{\"@type\":\"BreadcrumbList\",\"@id\":\"http:\/\/cabinet-lantz.fr\/#breadcrumb\",\"itemListElement\":[{\"@type\":\"ListItem\",\"position\":1,\"name\":\"Accueil\",\"item\":\"http:\/\/cabinet-lantz.fr\/\"},{\"@type\":\"ListItem\",\"position\":2,\"name\":\"Homepage Cabinet lantz\"}]},{\"@type\":\"WebSite\",\"@id\":\"http:\/\/cabinet-lantz.fr\/#website\",\"url\":\"http:\/\/cabinet-lantz.fr\/\",\"name\":\"Cabinet Lantz\",\"description\":\"Cabinet Lantz Expertises Immobili\u00e8res\",\"potentialAction\":[{\"@type\":\"SearchAction\",\"target\":{\"@type\":\"EntryPoint\",\"urlTemplate\":\"http:\/\/cabinet-lantz.fr\/?s={search_term_string}\"},\"query-input\":{\"@type\":\"PropertyValueSpecification\",\"valueRequired\":true,\"valueName\":\"search_term_string\"}}],\"inLanguage\":\"fr-FR\"}]}<\/script>\n<!-- \/ Yoast SEO plugin. -->","yoast_head_json":{"title":"Homepage Cabinet lantz - Cabinet Lantz","robots":{"index":"index","follow":"follow","max-snippet":"max-snippet:-1","max-image-preview":"max-image-preview:large","max-video-preview":"max-video-preview:-1"},"canonical":"http:\/\/cabinet-lantz.fr\/","og_locale":"fr_FR","og_type":"article","og_title":"Homepage Cabinet lantz - Cabinet Lantz","og_description":"[vc_row][vc_column][\/vc_column][\/vc_row][vc_row][vc_column][\/vc_column][\/vc_row][vc_row][vc_column][\/vc_column][\/vc_row]","og_url":"http:\/\/cabinet-lantz.fr\/","og_site_name":"Cabinet Lantz","article_modified_time":"2023-04-28T14:46:39+00:00","twitter_card":"summary_large_image","twitter_misc":{"Dur\u00e9e de lecture estim\u00e9e":"2 minutes"},"schema":{"@context":"https:\/\/schema.org","@graph":[{"@type":"WebPage","@id":"http:\/\/cabinet-lantz.fr\/","url":"http:\/\/cabinet-lantz.fr\/","name":"Homepage Cabinet lantz - Cabinet Lantz","isPartOf":{"@id":"http:\/\/cabinet-lantz.fr\/#website"},"datePublished":"2015-01-22T12:35:35+00:00","dateModified":"2023-04-28T14:46:39+00:00","breadcrumb":{"@id":"http:\/\/cabinet-lantz.fr\/#breadcrumb"},"inLanguage":"fr-FR","potentialAction":[{"@type":"ReadAction","target":["http:\/\/cabinet-lantz.fr\/"]}]},{"@type":"BreadcrumbList","@id":"http:\/\/cabinet-lantz.fr\/#breadcrumb","itemListElement":[{"@type":"ListItem","position":1,"name":"Accueil","item":"http:\/\/cabinet-lantz.fr\/"},{"@type":"ListItem","position":2,"name":"Homepage Cabinet lantz"}]},{"@type":"WebSite","@id":"http:\/\/cabinet-lantz.fr\/#website","url":"http:\/\/cabinet-lantz.fr\/","name":"Cabinet Lantz","description":"Cabinet Lantz Expertises Immobili\u00e8res","potentialAction":[{"@type":"SearchAction","target":{"@type":"EntryPoint","urlTemplate":"http:\/\/cabinet-lantz.fr\/?s={search_term_string}"},"query-input":{"@type":"PropertyValueSpecification","valueRequired":true,"valueName":"search_term_string"}}],"inLanguage":"fr-FR"}]}},"jetpack_sharing_enabled":true,"_links":{"self":[{"href":"https:\/\/cabinet-lantz.fr\/index.php\/wp-json\/wp\/v2\/pages\/2615"}],"collection":[{"href":"https:\/\/cabinet-lantz.fr\/index.php\/wp-json\/wp\/v2\/pages"}],"about":[{"href":"https:\/\/cabinet-lantz.fr\/index.php\/wp-json\/wp\/v2\/types\/page"}],"author":[{"embeddable":true,"href":"https:\/\/cabinet-lantz.fr\/index.php\/wp-json\/wp\/v2\/users\/1"}],"replies":[{"embeddable":true,"href":"https:\/\/cabinet-lantz.fr\/index.php\/wp-json\/wp\/v2\/comments?post=2615"}],"version-history":[{"count":48,"href":"https:\/\/cabinet-lantz.fr\/index.php\/wp-json\/wp\/v2\/pages\/2615\/revisions"}],"predecessor-version":[{"id":4292,"href":"https:\/\/cabinet-lantz.fr\/index.php\/wp-json\/wp\/v2\/pages\/2615\/revisions\/4292"}],"wp:attachment":[{"href":"https:\/\/cabinet-lantz.fr\/index.php\/wp-json\/wp\/v2\/media?parent=2615"}],"curies":[{"name":"wp","href":"https:\/\/api.w.org\/{rel}","templated":true}]}}